{"id":3,"date":"2022-08-22T11:04:37","date_gmt":"2022-08-22T09:04:37","guid":{"rendered":"https:\/\/www.checkdenpaul.at\/edelmetalle\/?page_id=3"},"modified":"2025-08-28T10:04:39","modified_gmt":"2025-08-28T08:04:39","slug":"datenschutzerklaerung","status":"publish","type":"page","link":"https:\/\/www.checkdenpaul.at\/edelmetalle\/datenschutzerklaerung\/","title":{"rendered":"Datenschutzerkl\u00e4rung"},"content":{"rendered":"\n<div id=\"wp-block-themeisle-blocks-advanced-columns-cc87807d\" class=\"wp-block-themeisle-blocks-advanced-columns alignfull has-1-columns has-desktop-equal-layout has-tablet-equal-layout has-mobile-equal-layout has-vertical-unset has-default-gap\"><div class=\"wp-block-themeisle-blocks-advanced-columns-overlay\"><\/div><div class=\"innerblocks-wrap\">\n<div id=\"wp-block-themeisle-blocks-advanced-column-4ce45c04\" class=\"wp-block-themeisle-blocks-advanced-column\">\n<h2 class=\"wp-block-heading\">1. DATENSCHUTZERKL\u00c4RUNG<\/h2>\n\n\n\n<p>Der Schutz deiner personenbezogenen Daten ist uns ein besonderes Anliegen. Daher halten wir uns beim Erheben und Verarbeiten deiner personenbezogenen Daten streng an alle gesetzlichen Vorgaben, insbesondere an die EU-Datenschutz-Grundverordnung (im Folgenden kurz \u201eDS-GVO\u201c) und das \u00f6sterreichische Datenschutzgesetz. Nachfolgend m\u00f6chten wir deren wichtigsten Aspekte erl\u00e4utern und dich u\u0308ber Umfang und Zweck unserer Datenverarbeitungen und deine Rechte als Betroffene informieren:<\/p>\n\n\n\n<h2 class=\"wp-block-heading\">2. VERANTWORTLICHER UND KONTAKTSTELLE<\/h2>\n\n\n\n<p>Die unsererseits angebotenen sowie erbrachten Leistungen werden von<br><strong>Verantwortlicher: <\/strong>Check den Paul GmbH<br><strong>Adresse:<\/strong> Betriebsgebiet Nord, 3388 Markersdorf a. d. Pielach<br><strong>Tel: <\/strong>0664 \/ 788 444 99<br><strong>e-mail: <\/strong>office@checkdenpaul.at<\/p>\n\n\n\n<p>betrieben bzw. angeboten und erbracht. Wir sind demnach auch datenschutzrechtlicher Verantwortlicher der damit einhergehenden Datenverarbeitungen. Wenn du Fragen zum Thema Datenschutz hast, kannst du diese auch gerne direkt an office@checkdenpaul.at senden.<\/p>\n\n\n\n<h2 class=\"wp-block-heading\">3. ERHEBUNG UND VERARBEITUNG PERSONENBEZOGENER DATEN<\/h2>\n\n\n\n<h3 class=\"wp-block-heading\">Teil I \u2013 ALLGEMEINER GESCH\u00c4TSBETRIEB<\/h3>\n\n\n\n<h4 class=\"wp-block-heading\">A) KONTAKTAUFNAHME \/ VERTRAGSVERH\u00c4LTNISSE<\/h4>\n\n\n\n<p><strong>a. Gesch\u00e4ftsbeziehung<\/strong><\/p>\n\n\n\n<p>Bei der Kontaktaufnahme mit uns werden deine Angaben zum Zwecke der Bearbeitung der Kontaktanfrage und deren Abwicklung gem\u00e4\u00df Art 6 Abs 1 lit b DS-GVO verarbeitet. Zweck der Datenverarbeitung ist daher die Kontaktaufnahme einerseits sowie andererseits die Wahrnehmung bzw .Erfu\u0308llung der Rechte und Pflichten aus der Gesch\u00e4ftsbeziehung, deren Erfu\u0308llung und Verwaltung sowie die Erledigung deiner Anliegen.<\/p>\n\n\n\n<p>So werden insbesondere Daten von Interessenten fu\u0308r unsere Angebote nur insoweit verarbeitet, als dies fu\u0308r die \u00dcbermittlung von zielgerichteten Informationen an die Interessenten notwendig ist.<\/p>\n\n\n\n<p>Zum Zwecke der Abwicklung dieser (vor-\/nach-)vertraglichen Verh\u00e4ltnisse werden vor allem folgende personenbezogene Daten verarbeitet:<\/p>\n\n\n\n<ul class=\"wp-block-list\">\n<li>pers\u00f6nliche Identifikationsangaben und Kontaktinformationen (z.B. Titel, Name, Adresse, Geburtsdatum, E-Mail-Adresse, Telefonnummer, Name und Kontakt der Kontakt- und Ansprechpartner);<\/li>\n\n\n\n<li>allf\u00e4llige Tippgeber (der Kunde kann im Rahmen der Registrierung angeben, von wem Check den Paul an ihn \u201eempfohlen\u201c wurde; diese Information wird dem Tippgeber seitens Check den Paul zum Zwecke der Provisionsabrechnung weitergeleitet);<\/li>\n\n\n\n<li>Zahlungsdaten (z.B. Kontodaten);<\/li>\n\n\n\n<li>Daten aus der Erfu\u0308llung unserer vertraglichen Verpflichtungen (z.B. Lieferadressen, Rechnungsdaten);<\/li>\n\n\n\n<li>Werbe- und Vertriebsdaten (z.B. Informationen zu erteilten bzw widerrufenen Einwilligungen).<\/li>\n<\/ul>\n\n\n\n<p>Zus\u00e4tzlich verarbeiten wir Daten, die wir aus \u00f6ffentlich zug\u00e4nglichen Quellen, (zB Firmenbuch, Grundbuch, Vereinsregister, etc.) zul\u00e4ssigerweise erhalten.<\/p>\n\n\n\n<p><strong>b. Anfragen und Bestellvorgang<\/strong><\/p>\n\n\n\n<p>Wenn du Terminanfragen zu oder Bestellungen von unseren Dienstleistungen vornimmst, werden von uns fu\u0308r die Bearbeitung deiner Anfrage bzw Bestellung die von dir bekanntgegebenen Daten und die sonstigen transaktionsbezogenen Daten (insbesondere Vertragsnummer, Lieferort) verarbeitet.<\/p>\n\n\n\n<p>Je nach bestellter Ware oder Dienstleistung kann es m\u00f6glich sein, eine Altersverifizierung durchzufu\u0308hren. Dazu wird das Geburtsdatum zur Altersabfrage verarbeitet, allenfalls auch eine Ausweiskopie eingefordert und verarbeitet sowie gegebenenfalls eine technische Altersverifikation mit den eingegebenen Daten durchgefu\u0308hrt.<\/p>\n\n\n\n<p>Je nach gewu\u0308nschter Zahlungsart ist es auch notwendig, die personenbezogenen Daten inkl. Informationen, die zur Abwicklung der Zahlung notwendig sind, an den jeweiligen Zahlungsdiensteanbieter bzw das mit der Zahlung beauftragte Kreditinstitut oder das jeweilig hinter dem gew\u00e4hlten Zahlungsvorgang stehende Unternehmen zu u\u0308bermitteln.<\/p>\n\n\n\n<p><strong>c. Weitergabe an Drittanbieter<\/strong><\/p>\n\n\n\n<p>Im Rahmen unserer T\u00e4tigkeit als Plattform, welche Produktanbieter sowie Kunden in einer als Vermittler auftretenden Position zusammenfu\u0308hrt, erheben wir im Rahmen der Interessentengewinnung die von dir angegebenen Stamm- und Kommunikationsdaten und u\u0308bermitteln diese an Partner aus verschiedenen Branchen, wie beispielsweise aus dem Finanzsektor, Banken- oder Kreditproduktbereich, ua damit diese ein Angebot fu\u0308r dich erstellen k\u00f6nnen. Die weitere Korrespondenz mit dir fu\u0308hrt dieses jeweilige Partnerunternehmen. Auch werden deine personenbezogenen Daten zur Erstellung unserer Angebote oder \u00dcbermittlung der gewu\u0308nschten Informationen durch Dritte nur soweit verarbeitet, als dies dafu\u0308r notwendig ist.<\/p>\n\n\n\n<p><strong>d. Freiwillig bekanntgegebene Daten<\/strong><\/p>\n\n\n\n<p>Sofern du nicht geforderte Daten von dir aus freiwillig bekannt gibst, erteilst du damit deine ausdru\u0308ckliche Einwilligung in die Verarbeitung dieser Daten gem\u00e4\u00df dieser Datenschutzerkl\u00e4rung. <br>Du hast das Recht, jede erteilte Einwilligung jederzeit ganz oder teilweise zu widerrufen. <br>Beispielsweise kann der Kunde ein Ansparziel mit \u201ebis zur Pension\u201c mit Check den Paul vereinbaren. Diesfalls wird das Geburtsdatum \u2013 neben der Altersverifikation \u2013 auch zur Versendung einer Erinnerung, dass der\/die Kunde\/Kundin in Ku\u0308rze das 65. bzw 60. Lebensjahr vollendet haben wird.<\/p>\n\n\n\n<h4 class=\"wp-block-heading\">B) MARKETING<\/h4>\n\n\n\n<p>Hast du uns auch deine E-Mail-Adresse im Zusammenhang mit dem Verkauf einer Dienstleistung bekanntgegeben, du\u0308rfen wir dir aufgrund unseres berechtigten Interesses gem\u00e4\u00df Art 6 Abs 1 lit f DS-GVO per E-Mail Direktwerbung in Form von Informationen und Zusendungen fu\u0308r eigene oder \u00e4hnliche Dienstleistungen zukommen lassen. Du hast dabei das Recht, jederzeit Widerspruch gegen die Verarbeitung dir betreffender Daten zum Zwecke derartiger Werbung einzulegen. In diesem Zusammenhang k\u00f6nnen wir auch folgende Datenverarbeitung \u2013 jeweils auf Basis unseres berechtigten Interesses gem Art 6 Abs 1 lit f DSGVO<br>\u2013 durchfu\u0308hren:<\/p>\n\n\n\n<ul class=\"wp-block-list\">\n<li>Interne Beschaffungsmarktanalyse,<\/li>\n\n\n\n<li>Interne Datenverarbeitung und -analyse zur Gew\u00e4hrleistung einer kundenindividuellen Ansprache mit ma\u00dfgeschneiderten Angeboten,<\/li>\n\n\n\n<li>Interne Datenverarbeitung und -analyse zum Zweck der Verbesserung und Entwicklung intelligenter und innovativer Services und Produkte,<\/li>\n\n\n\n<li>Geltendmachung rechtlicher Anspru\u0308che und Verteidigung bei rechtlichen Streitigkeiten,<\/li>\n\n\n\n<li>Pr\u00e4sentation unseres Unternehmens;<\/li>\n\n\n\n<li>Pflege eines ordnungsgem\u00e4\u00dfen Kunden- und Gesch\u00e4ftskontaktes.<\/li>\n<\/ul>\n\n\n\n<p><em>Allgemeiner Newsletter<\/em><\/p>\n\n\n\n<p>Hast du uns deine E-Mail-Adresse daf\u00fcr \u00fcberlassen, erh\u00e4ltst du unseren regelm\u00e4\u00dfigen Newsletter. Wir verwenden hierzu nur deine E-Mail-Adresse und informieren \u00fcber unsere Leistungen und T\u00e4tigkeiten, sonst Aktuelles innerhalb unseres Unternehmens und eigene Veranstaltungen. Wie alle Einwilligungen kann auch diese per Mail bzw \u2013 falls technisch eingebunden \u2013 durch Abmelden vom Newsletter per Button\/Link im Newsletter selbst erfolgen. Wir verwenden deine Daten auch, um deine anlassbezogenen Informationen Neuerungen unseres Unternehmens oder Einladungen zu Veranstaltungen zukommen zu lassen. Diese <strong>Zwecke<\/strong> finden Ihre <strong>Rechtsgrundlage<\/strong> in deiner Einwilligung und in unserem berechtigten Interesse iSd Art 6 Abs 1 lit f DS-GVO an einer ordnungsgem\u00e4\u00dfen Kundenbeziehung.<\/p>\n\n\n\n<h3 class=\"wp-block-heading\">Teil II \u2013 NUTZUNG DER WEBSEITE<\/h3>\n\n\n\n<p><strong>Personenbezogene Daten<\/strong><\/p>\n\n\n\n<p>Wir sind datenschutzrechtlicher Verantwortlicher unserer Webseite. Schon bei jedem Besuch und jeder Nutzung unserer Homepage speichern wir folgende Daten:<br>Bei der Nutzung unserer Website erheben wir nur die personenbezogenen Daten, die dein Browser an unseren Server u\u0308bermittelt. Wenn du unsere Website betrachten m\u00f6chtest, erheben wir die folgenden Daten, die fu\u0308r uns technisch erforderlich sind, um dir unsere Website anzuzeigen und die Stabilit\u00e4t<br>und Sicherheit zu gew\u00e4hrleisten (Rechtsgrundlage ist Art 6 Abs 1 S 1 lit f DS-GVO):<\/p>\n\n\n\n<ul class=\"wp-block-list\">\n<li>verwendete Browsertypen und Versionen,<\/li>\n\n\n\n<li>das vom zugreifenden System verwendete Betriebssystem,<\/li>\n\n\n\n<li>die Internetseite, von welcher ein zugreifendes System auf unsere Internetseite gelangt<\/li>\n\n\n\n<li>die angesteuerten Unterwebseiten,<\/li>\n\n\n\n<li>das Datum und die Uhrzeit eines Zugriffs auf die Internetseite,<\/li>\n\n\n\n<li>eine Internet-Protokoll-Adresse (IP-Adresse),<\/li>\n\n\n\n<li>den Internet-Service-Provider des zugreifenden Systems und<\/li>\n\n\n\n<li>sonstige \u00e4hnliche Daten und Informationen, die der Gefahrenabwehr im Falle von Angriffen auf<\/li>\n\n\n\n<li>unsere informationstechnologischen Systeme dienen.<\/li>\n<\/ul>\n\n\n\n<p><strong>Zweck der Datenverarbeitung<\/strong><\/p>\n\n\n\n<p><strong>Zweck<\/strong> dieser Datenverarbeitung ist die Aufrechterhaltung unseres Webauftritts, insbesondere eine schnellere Fehlerlokalisierung und -behebung sowie die \u00dcberwachung der Auslastung und gegebenenfalls Vornahme von Anpassungen oder Verbesserungen. Insbesondere wird die Erhebung dieser allgemeinen Daten von dem Verantwortlichen nicht genutzt, um Ru\u0308ckschlu\u0308sse auf die betroffene Person zu erheben, sondern um:<\/p>\n\n\n\n<ul class=\"wp-block-list\">\n<li><em>die Inhalte unserer Internetseite korrekt auszuliefern,<\/em><\/li>\n\n\n\n<li><em>die dauerhafte Funktionsf\u00e4higkeit unserer informationstechnologischen Systeme und der<\/em> <em>Technik unserer Internetseite zu gew\u00e4hrleisten sowie<\/em><\/li>\n\n\n\n<li><em>um Strafverfolgungsbeh\u00f6rden im Falle eines Cyberangriffes die zur Strafverfolgung<\/em> <em>notwendigen Informationen bereitzustellen.<\/em><\/li>\n<\/ul>\n\n\n\n<p><strong>Rechtsgrundlage<\/strong><\/p>\n\n\n\n<p>Sofern u\u0308berhaupt ein Personenbezug gegeben ist, stellen die zu gew\u00e4hrende Datensicherheit und das Aufrechterhalten der Online-Darstellung unsere berechtigten Interessen iSd Art 6 Abs 1 lit f DS-GVO und damit die Rechtsgrundlage dar.<\/p>\n\n\n\n<p><strong>Anonymisierung \/ Ku\u0308rzung IP-Adresse<\/strong><\/p>\n\n\n\n<p>Datenschutzrechtliche Bedenken versuchen wir weiters zu zerstreuen, indem die Daten nur fu\u0308r eine begrenzte Dauer gespeichert werden. Die IP-Adresse deines Computers wird alternativ zur L\u00f6schung durch Ku\u0308rzung anonymisiert. Im Falle von Hacking-Angriffen kann eine l\u00e4ngere Speicherung notwendig sein, um die Sicherheit unseres Webauftritts zu gew\u00e4hrleisten.<\/p>\n\n\n\n<h2 class=\"wp-block-heading\">4. ALLGEMEINES ZU DEN DATENVERARBEITUNGEN<\/h2>\n\n\n\n<p><strong>Quelle der Daten<\/strong><\/p>\n\n\n\n<p>Sofern wir die oben angefu\u0308hrten personenbezogenen Daten nicht von dir selbst erhalten haben, werden sie uns von deinen Vorgesetzten oder sonstigen Vertrauenspersonen deiner seits u\u0308bermittelt.<\/p>\n\n\n\n<p><strong>Widerruf von Einwilligungen<\/strong><\/p>\n\n\n\n<p>S\u00e4mtliche abgegebenen Einwilligungen kannst du jederzeit und ohne Angabe eines Grundes per E-Mail an office@checkdenpaul.at widerrufen. Dort, wo die Verarbeitung allein auf deiner Einwilligung beruht und wir nicht zur Aufbewahrung gesetzlich verpflichtet sind, werden die bezughabenden Daten anschlie\u00dfend unwiderruflich gel\u00f6scht. Der Widerruf l\u00e4sst die Rechtm\u00e4\u00dfigkeit der aufgrund der Einwilligung bis zum Widerruf erfolgten Verarbeitung unberu\u0308hrt.<\/p>\n\n\n\n<p><strong>\u00dcbermittlung der Daten<\/strong><\/p>\n\n\n\n<p>Eine Offenlegung, \u00dcbermittlung oder Weitergabe von Daten an natu\u0308rliche oder juristische Personen, die weder Auftragsverarbeiter noch unter unserer unmittelbaren Verantwortung oder unter der Verantwortung eines unserer Auftragsverarbeiter zur Verarbeitung von Daten befugt sind (Dritte), erfolgt nur nach Ma\u00dfgabe der jeweils geltenden Rechtsvorschriften.<\/p>\n\n\n\n<p>Wir <strong>u\u0308bermitteln<\/strong> deine personenbezogenen Daten nicht an Dritte, au\u00dfer<\/p>\n\n\n\n<ul class=\"wp-block-list\">\n<li>wir sind dazu gesetzlich verpflichtet,<\/li>\n\n\n\n<li>dies ist im Rahmen der Gesch\u00e4ftsbeziehung notwendig,<\/li>\n\n\n\n<li>wir sind sonst von dir dazu beauftragt oder<\/li>\n\n\n\n<li>die Weitergabe entspricht dem Zweck der Datenverarbeitung.<\/li>\n<\/ul>\n\n\n\n<p>Neben unseren Mitarbeitern und den selbstst\u00e4ndigen Personenbetreuern k\u00f6nnen im Bedarfsfalle insbesondere Rechtsanw\u00e4lte oder Steuerberater deine personenbezogenen Daten erhalten. Auch von uns eingesetzte Auftragsverarbeiter k\u00f6nnen Daten erhalten. Dies sind etwa Unternehmen in den Kategorien Post- und Druckdienstleister, IT-Dienstleister, IT-Support (Hardware und Software), Vertriebspartner, Webdienstleistungsunternehmen, Auskunfteien, Inkassodienstleister sowie weitere Auftragsverarbeiter, die wir im Rahmen von Auftragsverarbeitungen heranziehen.<\/p>\n\n\n\n<p>Allf\u00e4llige Empf\u00e4nger sind und werden von uns zur Einhaltung der datenschutzrechtlichen Bestimmungen verpflichtet. Mit Auftragsverarbeitern wurde eine entsprechende Auftragsdaten-Vereinbarung abgeschlossen. Eine \u00dcbermittlung von personenbezogenen Daten an Drittl\u00e4nder oder internationale Organisationen findet nicht statt.<\/p>\n\n\n\n<p><strong>Aufbewahrungsdauer und Speicherfrist<\/strong><\/p>\n\n\n\n<p>Wir verarbeiten und speichern die Daten in personenbezogener Form nicht dauerhaft, sondern nur in \u00dcbereinstimmung mit den in den jeweils geltenden Rechtsvorschriften vorgeschriebenen Fristen, jedenfalls aber so lange, als dies zum Zwecke der vollst\u00e4ndigen Abwicklung der Vereinbarung (einschlie\u00dflich des Ablaufs allf\u00e4lliger Verj\u00e4hrungsfristen sowie der rechtskr\u00e4ftigen Beendigung allf\u00e4lliger beh\u00f6rdlicher oder gerichtlicher Verfahren) erforderlich ist. Insbesondere ist auf unsere Pflicht zur Aufbewahrung der abgabenrelevanten Unterlagen von 7 Jahren gem\u00e4\u00df der Bundesabgabenordnung hinzuweisen.<\/p>\n\n\n\n<p><strong>Sonstiges<\/strong><\/p>\n\n\n\n<p>Die Speicherung und Sicherung der Daten erfolgt im EWR. Deine Daten werden nicht fu\u0308r eine automatisierte Entscheidungsfindung verwendet.<\/p>\n\n\n\n<p><strong>Datensicherheitsma\u00dfnahmen<\/strong><\/p>\n\n\n\n<p>Wir treffen unter Beru\u0308cksichtigung der Kriterien des Art 32 DS-GVO angemessene und geeignete technische und organisatorische Ma\u00dfnahmen (TOMs) zur Sicherheit der Daten sowie der Datenverarbeitung und sorgen dafu\u0308r, dass die Daten vor unbefugter oder unrechtm\u00e4\u00dfiger Verarbeitung und vor Verlust, Besch\u00e4digung und Ver\u00e4nderung geschu\u0308tzt werden. Die TOMs unterliegen dem technischen Fortschritt und der Weiterentwicklung. Wir sind daher berechtigt, die bestehenden TOMs jederzeit nach eigenem Ermessen abzu\u00e4ndern, zu reduzieren, zu erweitern oder alternative ad\u00e4quate TOMs umzusetzen. Im Falle einer Verletzung des Schutzes von Daten werden wir unseren Benachrichtigungspflichten gem\u00e4\u00df DS-GVO uneingeschr\u00e4nkt nachkommen.<\/p>\n\n\n\n<p><strong>Haftungsausschluss<\/strong><\/p>\n\n\n\n<p>Trotz aller Vorkehrungen und Ma\u00dfnahmen ist nicht ausgeschlossen, dass es zu Datenoffenlegungen, -verlusten, -besch\u00e4digungen und -ver\u00e4nderungen kommt und du einen Schaden erleidest. Die Inanspruchnahme von unseren Leistungen erfolgt auf dein eigenes datenschutzrechtliches Risiko und deine eigene datenschutzrechtliche Gefahr. Wir u\u0308bernehmen daher keine Verantwortung und Haftung fu\u0308r Sch\u00e4den und Folgesch\u00e4den aus oder in Zusammenhang mit Datenoffenlegungen, -verlusten, -besch\u00e4digungen und -ver\u00e4nderungen, unbefugten und\/oder manipulativen Zugriffen auf oder Eingriffen in die Datenverarbeitung und -u\u0308bertragung sowie Verst\u00f6\u00dfen gegen datenschutzrechtliche Bestimmungen, welche nicht rechtswidrig und schuldhaft durch uns verursacht worden sind.<\/p>\n\n\n\n<p>Wir haften fu\u0308r Sch\u00e4den \u2013 ausgenommen Personensch\u00e4den sowie Sach- und Verm\u00f6genssch\u00e4den infolge Verletzung vertraglicher Hauptleistungspflichten \u2013 nur bei Vorsatz oder grober Fahrl\u00e4ssigkeit.<\/p>\n\n\n\n<p>Vorstehende Haftungsausschlu\u0308sse bzw. -beschr\u00e4nkungen gelten auch fu\u0308r unsere Organe, Mitarbeiter, Vertreter und zurechenbare Gehilfen sowie fu\u0308r beigezogene Auftragsverarbeiter und fu\u0308r s\u00e4mtliche von diesen beigezogenen Personen.<\/p>\n\n\n\n<p><strong>\u00c4nderungen der Datenschutzerkl\u00e4rung<\/strong><\/p>\n\n\n\n<p>Wir behalten uns vor, die Datenschutzerkl\u00e4rung samt Anlagen jederzeit und ohne Angabe von Gru\u0308nden zu \u00e4ndern oder zu erg\u00e4nzen, um vor allem, aber nicht beschr\u00e4nkt darauf, den jeweils geltenden Rechtsvorschriften zu entsprechen und deinem Interesse (insbesondere auf Transparenz der Verarbeitung) entgegenzukommen. Sofern dazu deine Einwilligungen erforderlich ist, erfolgen die \u00c4nderungen nur mit deiner Einwilligung.<\/p>\n\n\n\n<h2 class=\"wp-block-heading\">5. DEINE RECHTE<\/h2>\n\n\n\n<p>Als betroffene Person stehen dir folgende Rechte und Rechtsbehelfe zur Verfu\u0308gung:<\/p>\n\n\n\n<p><strong>Recht auf Auskunft<\/strong><br>Du hast das Recht, Auskunft daru\u0308ber zu verlangen, ob \u2013 und wenn ja: welche personenbezogenen Daten u\u0308ber dich verarbeitet werden. Um Ausku\u0308nfte an Nicht-Berechtigte zu verhindern, kann es erforderlich sein, im Antragsfalle deine Identit\u00e4t nachzupru\u0308fen.<\/p>\n\n\n\n<p><strong>Recht auf Berichtigung und L\u00f6schung<\/strong><br>Du kannst die Berichtigung\/Vervollst\u00e4ndigung deiner unrichtigen personenbezogenen Daten sowie die L\u00f6schung deiner Daten zu verlangen. Wir werden diesem unverzu\u0308glich nachkommen, sofern uns keine gesetzlichen Pflichten entgegenstehen.<\/p>\n\n\n\n<p><strong>Recht auf Einschr\u00e4nkung der Verarbeitung<\/strong><br>Du hast das Recht auf Einschr\u00e4nkung der Verarbeitung deiner personenbezogenen Daten. <\/p>\n\n\n\n<p><strong>Recht auf Datenu\u0308bertragbarkeit<\/strong><br>Du kannst die \u00dcbermittlung erhobener personenbezogener Daten an einen Dritten verlangen.<\/p>\n\n\n\n<p><strong>Widerspruchsrecht<\/strong><br>Sollten sich aus deiner besonderen Situation solche Gru\u0308nde ergeben, kannst du jederzeit gegen die Verarbeitung deiner personenbezogenen Daten Widerspruch einlegen.<\/p>\n\n\n\n<p>Diese Rechte kannst du direkt bei uns als verantwortlichem Datenverarbeiter entweder postalisch oder per E-Mail an office@checkdenpaul.at geltend machen. Auch fu\u0308r Fragen zum Datenschutz kannst du uns jederzeit per E-Mail (office@checkdenpaul.at) kontaktieren.<\/p>\n\n\n\n<p>Wir weisen dich bereits jetzt darauf hin, dass wir \u2013 unabh\u00e4ngig der Behandlung deiner Antr\u00e4ge verpflichtet sind, deine Identit\u00e4t festzustellen, um allf\u00e4llige Datenschutzverst\u00f6\u00dfe (z. B. Fehlbeauskunftung an die falsche Person) hintanzuhalten. Aus diesem Grund mu\u0308ssen wir mit dir bei jedem Antrag ein Prozedere zur Identit\u00e4tsfeststellung durchlaufen.<\/p>\n\n\n\n<p>Weiters steht dir, wenn du Verst\u00f6\u00dfe gegen datenschutzrechtliche Vorschriften, insbesondere deiner Betroffenenrechte vermuten, das Recht zu, Beschwerde bei der \u00f6sterreichischen Datenschutzbeh\u00f6rde, Barichgasse 40-42, 1030 Wien, Telefon: +43 1 521 52-25 69, E-Mail: dsb@dsb.gv.at als zust\u00e4ndige Aufsichtsbeh\u00f6rde einzubringen.<\/p>\n<\/div>\n<\/div><\/div>\n","protected":false},"excerpt":{"rendered":"","protected":false},"author":1,"featured_media":0,"parent":0,"menu_order":0,"comment_status":"closed","ping_status":"open","template":"","meta":{"site-sidebar-layout":"default","site-content-layout":"","ast-site-content-layout":"default","site-content-style":"default","site-sidebar-style":"default","ast-global-header-display":"","ast-banner-title-visibility":"","ast-main-header-display":"","ast-hfb-above-header-display":"","ast-hfb-below-header-display":"","ast-hfb-mobile-header-display":"","site-post-title":"disabled","ast-breadcrumbs-content":"","ast-featured-img":"","footer-sml-layout":"","theme-transparent-header-meta":"","adv-header-id-meta":"","stick-header-meta":"","header-above-stick-meta":"","header-main-stick-meta":"","header-below-stick-meta":"","astra-migrate-meta-layouts":"set","_themeisle_gutenberg_block_has_review":false,"_jet_sm_ready_style":"","_jet_sm_style":"","_jet_sm_controls_values":"","_jet_sm_fonts_collection":"","_jet_sm_fonts_links":"","footnotes":""},"class_list":["post-3","page","type-page","status-publish","hentry"],"_links":{"self":[{"href":"https:\/\/www.checkdenpaul.at\/edelmetalle\/wp-json\/wp\/v2\/pages\/3","targetHints":{"allow":["GET"]}}],"collection":[{"href":"https:\/\/www.checkdenpaul.at\/edelmetalle\/wp-json\/wp\/v2\/pages"}],"about":[{"href":"https:\/\/www.checkdenpaul.at\/edelmetalle\/wp-json\/wp\/v2\/types\/page"}],"author":[{"embeddable":true,"href":"https:\/\/www.checkdenpaul.at\/edelmetalle\/wp-json\/wp\/v2\/users\/1"}],"replies":[{"embeddable":true,"href":"https:\/\/www.checkdenpaul.at\/edelmetalle\/wp-json\/wp\/v2\/comments?post=3"}],"version-history":[{"count":16,"href":"https:\/\/www.checkdenpaul.at\/edelmetalle\/wp-json\/wp\/v2\/pages\/3\/revisions"}],"predecessor-version":[{"id":1938,"href":"https:\/\/www.checkdenpaul.at\/edelmetalle\/wp-json\/wp\/v2\/pages\/3\/revisions\/1938"}],"wp:attachment":[{"href":"https:\/\/www.checkdenpaul.at\/edelmetalle\/wp-json\/wp\/v2\/media?parent=3"}],"curies":[{"name":"wp","href":"https:\/\/api.w.org\/{rel}","templated":true}]}}